{"id":2147,"date":"2024-04-30T17:58:49","date_gmt":"2024-04-30T17:58:49","guid":{"rendered":"https:\/\/lagolodge.ch\/politique-de-confidentialite\/"},"modified":"2025-12-06T18:01:37","modified_gmt":"2025-12-06T16:01:37","slug":"politique-de-confidentialite","status":"publish","type":"page","link":"https:\/\/lagolodge.ch\/fr\/politique-de-confidentialite\/","title":{"rendered":"Politique de confidentialit\u00e9"},"content":{"rendered":"\t\t<div data-elementor-type=\"wp-page\" data-elementor-id=\"2147\" class=\"elementor elementor-2147 elementor-3\" data-elementor-post-type=\"page\">\n\t\t\t\t<div class=\"elementor-element elementor-element-a0ab136 e-flex e-con-boxed e-con e-parent\" data-id=\"a0ab136\" data-element_type=\"container\" data-e-type=\"container\">\n\t\t\t\t\t<div class=\"e-con-inner\">\n\t\t\t\t<div class=\"elementor-element elementor-element-186e352 elementor-widget elementor-widget-heading\" data-id=\"186e352\" data-element_type=\"widget\" data-e-type=\"widget\" data-widget_type=\"heading.default\">\n\t\t\t\t<div class=\"elementor-widget-container\">\n\t\t\t\t\t<h1 class=\"elementor-heading-title elementor-size-default\">Politique de confidentialit\u00e9<\/h1>\t\t\t\t<\/div>\n\t\t\t\t<\/div>\n\t\t\t\t<div class=\"elementor-element elementor-element-4092edf elementor-widget elementor-widget-text-editor\" data-id=\"4092edf\" data-element_type=\"widget\" data-e-type=\"widget\" data-widget_type=\"text-editor.default\">\n\t\t\t\t<div class=\"elementor-widget-container\">\n\t\t\t\t\t\t\t\t\t<h2 class=\"wp-block-heading\">1. introduction<\/h2>\n<p>La protection de vos donn\u00e9es personnelles est tr\u00e8s importante pour nous, LagoLodge. Cette d\u00e9claration de confidentialit\u00e9 explique comment nous collectons, utilisons et prot\u00e9geons vos donn\u00e9es lorsque vous visitez notre site web ou interagissez avec nous. Elle est r\u00e9gie par les dispositions du r\u00e8glement g\u00e9n\u00e9ral sur la protection des donn\u00e9es (RGPD).<\/p>\n<h2 class=\"wp-block-heading\">2. Entit\u00e9 responsable<\/h2>\n<p>Le responsable de la collecte, du traitement et de l&rsquo;utilisation de vos donn\u00e9es personnelles au sens du RGPD est :<\/p>\n<p>LagoLodge<br>Uferweg 5, 2560 Nidau<br>sleep@lagolosge.ch<\/p>\n<h2 class=\"wp-block-heading\">3. Collecte et stockage des donn\u00e9es \u00e0 caract\u00e8re personnel<\/h2>\n<p>Lorsque vous visitez notre site web, nous collectons automatiquement des informations que votre navigateur nous transmet. Cela comprend<\/p>\n<ul class=\"wp-block-list\">\n<li>Adresse IP<\/li>\n<li>Date et heure de la requ\u00eate<\/li>\n<li>Le type de navigateur et le syst\u00e8me d&rsquo;exploitation utilis\u00e9s<\/li>\n<li>URL de r\u00e9f\u00e9rence (page visit\u00e9e pr\u00e9c\u00e9demment)<\/li>\n<\/ul>\n<p>Ces donn\u00e9es sont collect\u00e9es exclusivement \u00e0 des fins statistiques et pour am\u00e9liorer notre offre. Elles ne sont pas utilis\u00e9es pour tirer des conclusions sur votre personne.<\/p>\n<h2 class=\"wp-block-heading\">4. Utilisation des donn\u00e9es<\/h2>\n<p>Nous utilisons vos donn\u00e9es personnelles aux fins suivantes :<\/p>\n<ul class=\"wp-block-list\">\n<li>Pour la mise \u00e0 disposition et l&rsquo;optimisation de notre site web<\/li>\n<li>Pour r\u00e9pondre aux demandes que vous nous envoyez via le formulaire de contact<\/li>\n<li>Pour l&rsquo;envoi d&rsquo;informations publicitaires, si vous y avez express\u00e9ment consenti<\/li>\n<\/ul>\n<h2 class=\"wp-block-heading\">5. Transmission de donn\u00e9es \u00e0 des tiers<\/h2>\n<p>Nous ne transmettons vos donn\u00e9es \u00e0 des tiers que si la loi l&rsquo;exige ou si cela est n\u00e9cessaire \u00e0 l&rsquo;ex\u00e9cution d&rsquo;un contrat (par ex. transmission \u00e0 un prestataire de services de paiement ou \u00e0 une entreprise d&rsquo;exp\u00e9dition).<\/p>\n<h2 class=\"wp-block-heading\">6. Utilisation de cookies<\/h2>\n<p>Notre site web utilise des cookies afin de faciliter son utilisation et de permettre certaines fonctions. Les cookies sont de petits fichiers texte qui sont enregistr\u00e9s sur votre terminal. Vous pouvez \u00e0 tout moment d\u00e9sactiver l&rsquo;utilisation de cookies dans les param\u00e8tres de votre navigateur. Veuillez noter que cela peut limiter la fonctionnalit\u00e9 de notre site web.<\/p>\n<h2 class=\"wp-block-heading\">7. Vos droits<\/h2>\n<p>Vous avez le droit<\/p>\n<ul class=\"wp-block-list\">\n<li>demander des renseignements sur les donn\u00e9es que nous avons enregistr\u00e9es<\/li>\n<li>demander la rectification de donn\u00e9es inexactes<\/li>\n<li>demander la suppression de vos donn\u00e9es, dans la mesure o\u00f9 elles ne sont plus n\u00e9cessaires ou qu&rsquo;il n&rsquo;existe pas de d\u00e9lai de conservation l\u00e9gal<\/li>\n<li>demander la limitation du traitement de vos donn\u00e9es<\/li>\n<li>de s&rsquo;opposer au traitement des donn\u00e9es lorsque celui-ci est fond\u00e9 sur un int\u00e9r\u00eat l\u00e9gitime<\/li>\n<li>de r\u00e9voquer \u00e0 tout moment votre consentement au traitement des donn\u00e9es<\/li>\n<li>demander la portabilit\u00e9 des donn\u00e9es<\/li>\n<\/ul>\n<p>Pour exercer vos droits, veuillez nous contacter aux coordonn\u00e9es indiqu\u00e9es ci-dessus.<\/p>\n<h2 class=\"wp-block-heading\">8. S\u00e9curit\u00e9 des donn\u00e9es<\/h2>\n<p>Nous mettons en \u0153uvre des mesures de s\u00e9curit\u00e9 techniques et organisationnelles pour prot\u00e9ger vos donn\u00e9es contre les manipulations accidentelles ou intentionnelles, la perte, la destruction ou l&rsquo;acc\u00e8s non autoris\u00e9.<\/p>\n<h2 class=\"wp-block-heading\">9. Modifications de la pr\u00e9sente d\u00e9claration de confidentialit\u00e9<\/h2>\n<p>Nous nous r\u00e9servons le droit d&rsquo;adapter la pr\u00e9sente d\u00e9claration de confidentialit\u00e9 si n\u00e9cessaire, notamment en cas de modification de la situation juridique ou de nos processus internes. Vous trouverez la version actuelle sur notre site web.<\/p>\n<h2 class=\"wp-block-heading\">10. Contact<\/h2>\n<p>Pour toute question concernant le traitement de vos donn\u00e9es personnelles ou l&rsquo;exercice de vos droits, vous pouvez nous contacter \u00e0 tout moment :<\/p>\n<p>LagoLodge<br>Uferweg 5, 2560 Nidau<br>sleep@lagolodge.ch<\/p>\t\t\t\t\t\t\t\t<\/div>\n\t\t\t\t<\/div>\n\t\t\t\t\t<\/div>\n\t\t\t\t<\/div>\n\t\t\t\t<\/div>\n\t\t","protected":false},"excerpt":{"rendered":"<p>Politique de confidentialit\u00e9 1. introduction La protection de vos donn\u00e9es personnelles est tr\u00e8s importante pour nous, LagoLodge. Cette d\u00e9claration de confidentialit\u00e9 explique comment nous collectons, utilisons et prot\u00e9geons vos donn\u00e9es lorsque vous visitez notre site web ou interagissez avec nous. Elle est r\u00e9gie par les dispositions du r\u00e8glement g\u00e9n\u00e9ral sur la protection des donn\u00e9es (RGPD). [&hellip;]<\/p>\n","protected":false},"author":1,"featured_media":0,"parent":0,"menu_order":0,"comment_status":"closed","ping_status":"open","template":"","meta":{"iawp_total_views":9,"footnotes":""},"class_list":["post-2147","page","type-page","status-publish","hentry"],"_links":{"self":[{"href":"https:\/\/lagolodge.ch\/fr\/wp-json\/wp\/v2\/pages\/2147","targetHints":{"allow":["GET"]}}],"collection":[{"href":"https:\/\/lagolodge.ch\/fr\/wp-json\/wp\/v2\/pages"}],"about":[{"href":"https:\/\/lagolodge.ch\/fr\/wp-json\/wp\/v2\/types\/page"}],"author":[{"embeddable":true,"href":"https:\/\/lagolodge.ch\/fr\/wp-json\/wp\/v2\/users\/1"}],"replies":[{"embeddable":true,"href":"https:\/\/lagolodge.ch\/fr\/wp-json\/wp\/v2\/comments?post=2147"}],"version-history":[{"count":4,"href":"https:\/\/lagolodge.ch\/fr\/wp-json\/wp\/v2\/pages\/2147\/revisions"}],"predecessor-version":[{"id":2906,"href":"https:\/\/lagolodge.ch\/fr\/wp-json\/wp\/v2\/pages\/2147\/revisions\/2906"}],"wp:attachment":[{"href":"https:\/\/lagolodge.ch\/fr\/wp-json\/wp\/v2\/media?parent=2147"}],"curies":[{"name":"wp","href":"https:\/\/api.w.org\/{rel}","templated":true}]}}