{"id":2128,"date":"2024-12-09T10:29:33","date_gmt":"2024-12-09T10:29:33","guid":{"rendered":"https:\/\/lagolodge.ch\/termes-et-conditions-dutilisation\/"},"modified":"2024-12-17T16:49:30","modified_gmt":"2024-12-17T16:49:30","slug":"termes-et-conditions-dutilisation","status":"publish","type":"page","link":"https:\/\/lagolodge.ch\/fr\/termes-et-conditions-dutilisation\/","title":{"rendered":"Termes et conditions d&rsquo;utilisation"},"content":{"rendered":"\t\t<div data-elementor-type=\"wp-page\" data-elementor-id=\"2128\" class=\"elementor elementor-2128 elementor-2122\" data-elementor-post-type=\"page\">\n\t\t\t\t<div class=\"elementor-element elementor-element-5fea0d6 e-flex e-con-boxed e-con e-parent\" data-id=\"5fea0d6\" data-element_type=\"container\" data-e-type=\"container\">\n\t\t\t\t\t<div class=\"e-con-inner\">\n\t\t\t\t<div class=\"elementor-element elementor-element-49c2359 elementor-widget elementor-widget-heading\" data-id=\"49c2359\" data-element_type=\"widget\" data-e-type=\"widget\" data-widget_type=\"heading.default\">\n\t\t\t\t<div class=\"elementor-widget-container\">\n\t\t\t\t\t<h1 class=\"elementor-heading-title elementor-size-default\">Termes et conditions d'utilisation<\/h1>\t\t\t\t<\/div>\n\t\t\t\t<\/div>\n\t\t\t\t<div class=\"elementor-element elementor-element-b343114 elementor-widget elementor-widget-text-editor\" data-id=\"b343114\" data-element_type=\"widget\" data-e-type=\"widget\" data-widget_type=\"text-editor.default\">\n\t\t\t\t<div class=\"elementor-widget-container\">\n\t\t\t\t\t\t\t\t\t<h2 class=\"wp-block-heading\">1. Introduction<\/h2>\n<p>Bienvenue sur le site de LagoLodge (ci-apr\u00e8s \u00ab nous \u00bb, \u00ab notre \u00bb, \u00ab nos \u00bb). En acc\u00e9dant \u00e0 notre site web et en utilisant nos services, vous acceptez les pr\u00e9sentes conditions d&rsquo;utilisation. Veuillez lire attentivement ces conditions. Si vous n&rsquo;\u00eates pas d&rsquo;accord avec les conditions, nous vous prions de ne plus utiliser le site web.<\/p>\n<h2 class=\"wp-block-heading\">2. Champ d&rsquo;application<\/h2>\n<p>Les pr\u00e9sentes conditions d&rsquo;utilisation s&rsquo;appliquent au site web www.lagolodge.ch ainsi qu&rsquo;\u00e0 tous les sous-sites et services qui lui sont li\u00e9s et qui sont fournis par LagoLodge.<\/p>\n<h2 class=\"wp-block-heading\">3. Utilisation du site web<\/h2>\n<h3 class=\"wp-block-heading\">3.1. Acc\u00e8s et utilisation<\/h3>\n<p>L&rsquo;utilisation de notre site est exclusivement r\u00e9serv\u00e9e aux personnes ayant atteint l&rsquo;\u00e2ge l\u00e9gal de consommation d&rsquo;alcool dans leur pays. En acc\u00e9dant \u00e0 notre site web, vous confirmez que vous r\u00e9pondez \u00e0 cette exigence d&rsquo;\u00e2ge.<\/p>\n<h3 class=\"wp-block-heading\">3.2. Responsabilit\u00e9 de l&rsquo;utilisateur<\/h3>\n<p>Les utilisateurs de notre site web s&rsquo;engagent \u00e0 ne l&rsquo;utiliser que de mani\u00e8re licite et \u00e0 ne pas diffuser de contenus ill\u00e9gaux, diffamatoires, injurieux ou inappropri\u00e9s de quelque mani\u00e8re que ce soit.<\/p>\n<h2 class=\"wp-block-heading\">4. Droit d&rsquo;auteur et propri\u00e9t\u00e9 intellectuelle<\/h2>\n<p>4. Droit d&rsquo;auteur et propri\u00e9t\u00e9 intellectuelleTout le contenu publi\u00e9 sur ce site (y compris, mais sans s&rsquo;y limiter, les textes, images, logos, dessins et graphiques) est la propri\u00e9t\u00e9 de [Name der Brauerei] ou de partenaires sous licence et est prot\u00e9g\u00e9 par le droit d&rsquo;auteur et d&rsquo;autres lois sur la propri\u00e9t\u00e9 intellectuelle. L&rsquo;utilisation de ces contenus sans autorisation \u00e9crite expresse est interdite.<\/p>\n<h2 class=\"wp-block-heading\">5. Clause de non-responsabilit\u00e9<\/h2>\n<h3 class=\"wp-block-heading\">5.1. Contenu du site web<\/h3>\n<p>Nous nous effor\u00e7ons de maintenir le contenu de notre site web \u00e0 jour et correct. N\u00e9anmoins, nous ne pouvons pas garantir l&rsquo;exactitude, l&rsquo;exhaustivit\u00e9 et l&rsquo;actualit\u00e9 des informations fournies. Toute utilisation du contenu se fait aux risques et p\u00e9rils de l&rsquo;utilisateur.<\/p>\n<h3 class=\"wp-block-heading\">5.2. Liens externes<\/h3>\n<p>Notre site web peut contenir des liens vers des sites web externes de tiers. Nous n&rsquo;assumons aucune responsabilit\u00e9 pour le contenu de ces sites web. L&rsquo;acc\u00e8s \u00e0 ces sites web se fait \u00e0 vos propres risques et leur utilisation est soumise \u00e0 leurs propres conditions d&rsquo;utilisation et politiques de confidentialit\u00e9.<\/p>\n<h3 class=\"wp-block-heading\">5.3. Responsabilit\u00e9 limit\u00e9e<\/h3>\n<p>Nous ne sommes pas responsables des dommages r\u00e9sultant directement ou indirectement de l&rsquo;utilisation de notre site web, \u00e0 moins qu&rsquo;ils ne soient dus \u00e0 un comportement intentionnel ou \u00e0 une n\u00e9gligence grave de notre part.<\/p>\n<h2 class=\"wp-block-heading\">6. Protection des donn\u00e9es<\/h2>\n<p>Notre politique de confidentialit\u00e9 r\u00e9git la mani\u00e8re dont nous collectons, traitons et stockons les donn\u00e9es personnelles. Vous pouvez les consulter <a href=\"https:\/\/www.beta24.lagolodge.ch\/privacy-policy\/\" data-type=\"page\" data-id=\"3\">ici<\/a>.<\/p>\n<h2 class=\"wp-block-heading\">7. Modification des conditions d&rsquo;utilisation<\/h2>\n<p>Nous nous r\u00e9servons le droit de modifier les pr\u00e9sentes conditions d&rsquo;utilisation \u00e0 tout moment. Les modifications entreront en vigueur d\u00e8s qu&rsquo;elles auront \u00e9t\u00e9 publi\u00e9es sur ce site. Veuillez v\u00e9rifier r\u00e9guli\u00e8rement si des mises \u00e0 jour ont \u00e9t\u00e9 effectu\u00e9es.<\/p>\n<h2 class=\"wp-block-heading\">8. Droit applicable et juridiction comp\u00e9tente<\/h2>\n<p>Les pr\u00e9sentes conditions d&rsquo;utilisation sont r\u00e9gies par les lois suisses. Le tribunal comp\u00e9tent pour tout litige r\u00e9sultant de ou li\u00e9 \u00e0 l&rsquo;utilisation de ce site web est Nidau.<\/p>\n<h2 class=\"wp-block-heading\">9. Contact<\/h2>\n<p>Pour toute question concernant les pr\u00e9sentes conditions d&rsquo;utilisation ou le site web en g\u00e9n\u00e9ral, veuillez vous adresser \u00e0 :<\/p>\n<p>LagoLodge<br>Uferweg 5, CH &#8211; 2560 Nidau<br>sleep@lagolodge.ch<\/p>\t\t\t\t\t\t\t\t<\/div>\n\t\t\t\t<\/div>\n\t\t\t\t\t<\/div>\n\t\t\t\t<\/div>\n\t\t\t\t<\/div>\n\t\t","protected":false},"excerpt":{"rendered":"<p>Termes et conditions d&rsquo;utilisation 1. Introduction Bienvenue sur le site de LagoLodge (ci-apr\u00e8s \u00ab nous \u00bb, \u00ab notre \u00bb, \u00ab nos \u00bb). En acc\u00e9dant \u00e0 notre site web et en utilisant nos services, vous acceptez les pr\u00e9sentes conditions d&rsquo;utilisation. Veuillez lire attentivement ces conditions. Si vous n&rsquo;\u00eates pas d&rsquo;accord avec les conditions, nous vous prions [&hellip;]<\/p>\n","protected":false},"author":1,"featured_media":0,"parent":0,"menu_order":0,"comment_status":"closed","ping_status":"closed","template":"","meta":{"iawp_total_views":8,"footnotes":""},"class_list":["post-2128","page","type-page","status-publish","hentry"],"_links":{"self":[{"href":"https:\/\/lagolodge.ch\/fr\/wp-json\/wp\/v2\/pages\/2128","targetHints":{"allow":["GET"]}}],"collection":[{"href":"https:\/\/lagolodge.ch\/fr\/wp-json\/wp\/v2\/pages"}],"about":[{"href":"https:\/\/lagolodge.ch\/fr\/wp-json\/wp\/v2\/types\/page"}],"author":[{"embeddable":true,"href":"https:\/\/lagolodge.ch\/fr\/wp-json\/wp\/v2\/users\/1"}],"replies":[{"embeddable":true,"href":"https:\/\/lagolodge.ch\/fr\/wp-json\/wp\/v2\/comments?post=2128"}],"version-history":[{"count":4,"href":"https:\/\/lagolodge.ch\/fr\/wp-json\/wp\/v2\/pages\/2128\/revisions"}],"predecessor-version":[{"id":2909,"href":"https:\/\/lagolodge.ch\/fr\/wp-json\/wp\/v2\/pages\/2128\/revisions\/2909"}],"wp:attachment":[{"href":"https:\/\/lagolodge.ch\/fr\/wp-json\/wp\/v2\/media?parent=2128"}],"curies":[{"name":"wp","href":"https:\/\/api.w.org\/{rel}","templated":true}]}}